{"id":118,"date":"2020-03-18T16:17:47","date_gmt":"2020-03-18T15:17:47","guid":{"rendered":"http:\/\/spd-groetzingen.de\/?page_id=118"},"modified":"2021-11-26T16:07:22","modified_gmt":"2021-11-26T15:07:22","slug":"mitglied-werden","status":"publish","type":"page","link":"https:\/\/spd-groetzingen.de\/?page_id=118","title":{"rendered":"Mitglied werden"},"content":{"rendered":"\n<figure class=\"wp-block-image size-full\"><img loading=\"lazy\" decoding=\"async\" width=\"1124\" height=\"375\" src=\"https:\/\/spd-groetzingen.de\/wp-content\/uploads\/2020\/03\/Eintreten_Banner_1500_x_500_px__christina_maria_bleisinger_.jpg\" alt=\"\" class=\"wp-image-203\" srcset=\"https:\/\/spd-groetzingen.de\/wp-content\/uploads\/2020\/03\/Eintreten_Banner_1500_x_500_px__christina_maria_bleisinger_.jpg 1124w, https:\/\/spd-groetzingen.de\/wp-content\/uploads\/2020\/03\/Eintreten_Banner_1500_x_500_px__christina_maria_bleisinger_-300x100.jpg 300w, https:\/\/spd-groetzingen.de\/wp-content\/uploads\/2020\/03\/Eintreten_Banner_1500_x_500_px__christina_maria_bleisinger_-1024x342.jpg 1024w, https:\/\/spd-groetzingen.de\/wp-content\/uploads\/2020\/03\/Eintreten_Banner_1500_x_500_px__christina_maria_bleisinger_-768x256.jpg 768w\" sizes=\"auto, (max-width: 709px) 85vw, (max-width: 909px) 67vw, (max-width: 1362px) 62vw, 840px\" \/><\/figure>\n\n\n\n<h2 class=\"wp-block-heading\"><\/h2>\n\n\n\n<p>Freiheit, Gerechtigkeit und Solidarit\u00e4t sind die wichtigsten Werte der Sozialdemokratie \u2013 seit \u00fcber 150 Jahren schon. Auch in einer Welt, die sich schnell ver\u00e4ndert und immer neue politische L\u00f6sungen braucht, haben sie Bestand. Wir sind mehr als 425.000 Frauen und M\u00e4nner aus allen Generationen, allen Bev\u00f6lkerungsgruppen und allen Regionen unseres Landes. Wir alle sind \u00fcberzeugt, dass es besser gehen kann. Mit Zuversicht und Realismus. Das ist die SPD.<\/p>\n\n\n\n<p>Gerade in Zeiten des Rechtspopulismus, des Hasses und der Hetze sowie einer gro\u00dfen sozialen Ungerechtigkeit ist eine starke SPD regional und bundesweit wichtig.<\/p>\n\n\n\n<hr class=\"wp-block-separator is-style-wide\"\/>\n\n\n\n<p>Du m\u00f6chtest uns unterst\u00fctzen? Es gibt folgende Wege, in die SPD einzutreten:<\/p>\n\n\n\n<div class=\"wp-block-columns is-layout-flex wp-container-core-columns-is-layout-9d6595d7 wp-block-columns-is-layout-flex\">\n<div class=\"wp-block-column is-layout-flow wp-block-column-is-layout-flow\">\n<h3 class=\"wp-block-heading\">Online Mitglied werden:<\/h3>\n\n\n\n<div class=\"wp-block-button is-style-fill\"><a class=\"wp-block-button__link has-white-color has-text-color has-background\" href=\"https:\/\/mitgliedwerden.spd.de\/eintritt\" style=\"border-radius:5px;background-color:#00b4cc\">zum Formular<\/a><\/div>\n<\/div>\n\n\n\n<div class=\"wp-block-column is-layout-flow wp-block-column-is-layout-flow\">\n<h3 class=\"wp-block-heading\">Klassischer Mitgliedsantrag:<\/h3>\n\n\n\n<p>Ganz einfach die folgende PDF-Datei ausf\u00fcllen und an die <a href=\"https:\/\/www.spd-rz-karlsruhe-nordschwarzwald.de\/\">SPD-Regionalgesch\u00e4ftsstelle<\/a> senden.<\/p>\n\n\n\n<div class=\"wp-block-file\"><a href=\"https:\/\/spd-groetzingen.de\/wp-content\/uploads\/2020\/03\/SPD-Beitrittserklaerung.pdf\">SPD-Beitrittserklaerung<\/a><\/div>\n<\/div>\n<\/div>\n","protected":false},"excerpt":{"rendered":"<p>Freiheit, Gerechtigkeit und Solidarit\u00e4t sind die wichtigsten Werte der Sozialdemokratie \u2013 seit \u00fcber 150 Jahren schon. Auch in einer Welt, die sich schnell ver\u00e4ndert und immer neue politische L\u00f6sungen braucht, &hellip; <a href=\"https:\/\/spd-groetzingen.de\/?page_id=118\" class=\"more-link\"><span class=\"screen-reader-text\">\u201eMitglied werden\u201c <\/span>weiterlesen<\/a><\/p>\n","protected":false},"author":1,"featured_media":0,"parent":0,"menu_order":0,"comment_status":"closed","ping_status":"closed","template":"","meta":{"footnotes":""},"class_list":["post-118","page","type-page","status-publish","hentry"],"_links":{"self":[{"href":"https:\/\/spd-groetzingen.de\/index.php?rest_route=\/wp\/v2\/pages\/118","targetHints":{"allow":["GET"]}}],"collection":[{"href":"https:\/\/spd-groetzingen.de\/index.php?rest_route=\/wp\/v2\/pages"}],"about":[{"href":"https:\/\/spd-groetzingen.de\/index.php?rest_route=\/wp\/v2\/types\/page"}],"author":[{"embeddable":true,"href":"https:\/\/spd-groetzingen.de\/index.php?rest_route=\/wp\/v2\/users\/1"}],"replies":[{"embeddable":true,"href":"https:\/\/spd-groetzingen.de\/index.php?rest_route=%2Fwp%2Fv2%2Fcomments&post=118"}],"version-history":[{"count":5,"href":"https:\/\/spd-groetzingen.de\/index.php?rest_route=\/wp\/v2\/pages\/118\/revisions"}],"predecessor-version":[{"id":303,"href":"https:\/\/spd-groetzingen.de\/index.php?rest_route=\/wp\/v2\/pages\/118\/revisions\/303"}],"wp:attachment":[{"href":"https:\/\/spd-groetzingen.de\/index.php?rest_route=%2Fwp%2Fv2%2Fmedia&parent=118"}],"curies":[{"name":"wp","href":"https:\/\/api.w.org\/{rel}","templated":true}]}}