{"id":119,"date":"2020-03-18T16:17:47","date_gmt":"2020-03-18T15:17:47","guid":{"rendered":"http:\/\/spd-groetzingen.de\/?page_id=119"},"modified":"2024-10-07T11:27:42","modified_gmt":"2024-10-07T09:27:42","slug":"kontakt","status":"publish","type":"page","link":"https:\/\/spd-groetzingen.de\/?page_id=119","title":{"rendered":"Kontakt"},"content":{"rendered":"<form enctype=\"multipart\/form-data\" method=\"post\" id=\"psfb160\" action=\"https:\/\/spd-groetzingen.de\/?page_id=119\" class=\"planso-form-builder\" data-id=\"160\" data-cnt=\"1\" id=\"planso_forms_160_1\" data-locale=\"de\" data-locale_long=\"de_DE\" data-datepicker=\"bootstrap-datetimepicker\" data-date_format=\"j. F Y\" data-moment_date_format=\"D. MMMM YYYY\" data-jqueryui_date_format=\"d. MM yy\" data-eternicode_date_format=\"d. MM yyyy\"><div class=\"container-fluid\"><input type=\"hidden\" name=\"psfb_pageurl\" value=\"https:\/\/spd-groetzingen.de\/?page_id=119\"\/><input type=\"hidden\" name=\"psfb_userip\" value=\"216.73.217.120\"\/><input type=\"hidden\" name=\"psfb_useragent\" value=\"Mozilla\/5.0 AppleWebKit\/537.36 (KHTML, like Gecko; compatible; ClaudeBot\/1.0; +claudebot@anthropic.com)\"\/><input type=\"hidden\" name=\"psfb_landingpage\" value=\"http:\/\/spd-groetzingen.de\/index.php?rest_route=%2Fwp%2Fv2%2Fpages%2F119\"\/><input type=\"hidden\" name=\"psfb_referer\" value=\"Direct\"\/><input type=\"hidden\" name=\"psfb_page_id\" value=\"119\"\/><input type=\"hidden\" name=\"psfb_form_submit\" value=\"1\"\/><input type=\"hidden\" name=\"psfb_form_id\" value=\"160\"\/><input type=\"hidden\" name=\"psfb_form_cnt\" value=\"1\"\/><div style=\"display:none\"><input type=\"text\" name=\"psfb_hon_as\"\/><\/div><div style=\"display:none\"><input type=\"text\" name=\"psfb_hon_as2\" id=\"psfb_hon_as2_160_1\" value=\"3711fb0591bef1be1163f76696d2789f\"\/><\/div><div style=\"display:none\"><input type=\"text\" name=\"psfb_cnt_check\" value=\"1\"\/><\/div><div class=\"row\"><div class=\"col-md-12\"><div class=\"form-group psfb-single-container\"><p class=\"\">Sie haben Fragen, Anregungen oder wollen uns auf etwas hinweisen? Kontaktieren Sie uns gerne \u00fcber das folgende Kontaktformular.<\/p><\/div><\/div><\/div><div class=\"row\"><div class=\"col-md-12\"><div class=\"form-group psfb-single-container\"><hr class=\"\"><\/div><\/div><\/div><div class=\"row\"><div class=\"col-md-4\"><div class=\"form-group psfb-single-container\"><label class=\"control-label\" for=\"psfield_160_3\">Anrede<\/label><select name=\"Anrede\" class=\"form-control  \" id=\"psfield_160_3\" style=\"\"><option value=\"Herr\">Herr<\/option><option value=\"Frau\">Frau<\/option><option value=\"Bitte ausw\u00e4hlen\" selected=\"selected\">Bitte ausw\u00e4hlen<\/option><\/select><\/div><\/div><div class=\"col-md-4\"><div class=\"form-group psfb-single-container\"><label class=\"control-label\" for=\"psfield_160_4\">Vorname<span class=\"psfb_required_mark\">*<\/span><\/label><input type=\"text\" required=\"required\" data-required=\"required\" name=\"Vorname\" value=\"\" class=\"form-control  \" id=\"psfield_160_4\" style=\"\"\/><\/div><\/div><div class=\"col-md-4\"><div class=\"form-group psfb-single-container\"><label class=\"control-label\" for=\"psfield_160_5\">Nachname<span class=\"psfb_required_mark\">*<\/span><\/label><input type=\"text\" required=\"required\" data-required=\"required\" name=\"Nachname\" value=\"\" class=\"form-control  \" id=\"psfield_160_5\" style=\"\"\/><\/div><\/div><\/div><div class=\"row\"><div class=\"col-md-4\"><div class=\"form-group psfb-single-container\"><p class=\"\">So k\u00f6nnen wir Sie erreichen:<\/p><\/div><\/div><div class=\"col-md-4\"><div class=\"form-group psfb-single-container\"><label class=\"control-label\" for=\"psfield_160_7\">E-Mail<span class=\"psfb_required_mark\">*<\/span><\/label><input type=\"email\" required=\"required\" data-required=\"required\" name=\"E_Mail\" value=\"\" class=\"form-control  \" id=\"psfield_160_7\" style=\"\"\/><\/div><\/div><div class=\"col-md-4\"><div class=\"form-group psfb-single-container\"><label class=\"control-label\" for=\"psfield_160_8\">Telefon (optional)<\/label><input type=\"tel\" name=\"Telefon__optional_\" value=\"\" class=\"form-control  \" id=\"psfield_160_8\" style=\"\"\/><\/div><\/div><\/div><div class=\"row\"><div class=\"col-md-12\"><div class=\"form-group psfb-single-container\"><label class=\"control-label\" for=\"psfield_160_9\">Betreff<span class=\"psfb_required_mark\">*<\/span><\/label><input type=\"text\" required=\"required\" data-required=\"required\" name=\"Betreff\" value=\"\" class=\"form-control  \" id=\"psfield_160_9\" style=\"\"\/><\/div><\/div><\/div><div class=\"row\"><div class=\"col-md-12\"><div class=\"form-group psfb-single-container\"><label class=\"control-label\" for=\"psfield_160_10\">Ihre Nachricht an uns<span class=\"psfb_required_mark\">*<\/span><\/label><textarea required=\"required\" data-required=\"required\" name=\"Ihre_Nachricht_an_uns\" class=\"form-control  \" id=\"psfield_160_10\" style=\"\"><\/textarea><\/div><\/div><\/div><div class=\"row\"><div class=\"col-md-12\"><div class=\"form-group psfb-single-container\"><div style=\"position:relative;z-index:1;\"><button type=\"submit\" class=\"btn btn-primary   \" id=\"psfield_160_11\" style=\"\">Senden<\/button><\/div><\/div><\/div><\/div><\/div><\/form>\n\n\n\n<p><\/p>\n\n\n\n<p class=\"has-small-font-size\"><em>Hinweis: Der Betreiber des von uns genutzten Plug-ins zur Kontaktaufnahme unterst\u00fctzt gegenw\u00e4rtig keine genderneutrale Ansprache, weshalb nur &#8222;Herr&#8220; oder &#8222;Frau&#8220; ausgew\u00e4hlt werden kann. Wir bitten um Verst\u00e4ndnis.<\/em><\/p>\n\n\n\n<hr class=\"wp-block-separator has-css-opacity is-style-wide\"\/>\n\n\n\n<h5 class=\"wp-block-heading\">Kontakt f\u00fcr Mitglieder:innen<\/h5>\n\n\n\n<p>Bei Adress\u00e4nderungen oder Fragen im Zusammenhang mit euren pers\u00f6nlichen Daten als SPD-Mitglied in unserem Ortsverein k\u00f6nnt ihr euch an unsere Mitgliederbeauftragte wenden.<\/p>\n\n\n\n<p>Silke Bergerhoff, 1. Vorsitzende, mail:  silke.bergerhoff(at)spd-groetzingen.de<\/p>\n","protected":false},"excerpt":{"rendered":"<p>Hinweis: Der Betreiber des von uns genutzten Plug-ins zur Kontaktaufnahme unterst\u00fctzt gegenw\u00e4rtig keine genderneutrale Ansprache, weshalb nur &#8222;Herr&#8220; oder &#8222;Frau&#8220; ausgew\u00e4hlt werden kann. Wir bitten um Verst\u00e4ndnis. Kontakt f\u00fcr Mitglieder:innen &hellip; <a href=\"https:\/\/spd-groetzingen.de\/?page_id=119\" class=\"more-link\"><span class=\"screen-reader-text\">\u201eKontakt\u201c <\/span>weiterlesen<\/a><\/p>\n","protected":false},"author":1,"featured_media":0,"parent":0,"menu_order":0,"comment_status":"closed","ping_status":"closed","template":"","meta":{"footnotes":""},"class_list":["post-119","page","type-page","status-publish","hentry"],"_links":{"self":[{"href":"https:\/\/spd-groetzingen.de\/index.php?rest_route=\/wp\/v2\/pages\/119","targetHints":{"allow":["GET"]}}],"collection":[{"href":"https:\/\/spd-groetzingen.de\/index.php?rest_route=\/wp\/v2\/pages"}],"about":[{"href":"https:\/\/spd-groetzingen.de\/index.php?rest_route=\/wp\/v2\/types\/page"}],"author":[{"embeddable":true,"href":"https:\/\/spd-groetzingen.de\/index.php?rest_route=\/wp\/v2\/users\/1"}],"replies":[{"embeddable":true,"href":"https:\/\/spd-groetzingen.de\/index.php?rest_route=%2Fwp%2Fv2%2Fcomments&post=119"}],"version-history":[{"count":10,"href":"https:\/\/spd-groetzingen.de\/index.php?rest_route=\/wp\/v2\/pages\/119\/revisions"}],"predecessor-version":[{"id":773,"href":"https:\/\/spd-groetzingen.de\/index.php?rest_route=\/wp\/v2\/pages\/119\/revisions\/773"}],"wp:attachment":[{"href":"https:\/\/spd-groetzingen.de\/index.php?rest_route=%2Fwp%2Fv2%2Fmedia&parent=119"}],"curies":[{"name":"wp","href":"https:\/\/api.w.org\/{rel}","templated":true}]}}