{"id":20,"date":"2020-03-17T19:34:55","date_gmt":"2020-03-17T19:34:55","guid":{"rendered":"http:\/\/spd-groetzingen.de\/?page_id=20"},"modified":"2025-10-26T15:50:45","modified_gmt":"2025-10-26T14:50:45","slug":"startseite","status":"publish","type":"page","link":"https:\/\/spd-groetzingen.de\/","title":{"rendered":"Wir k\u00e4mpfen f\u00fcr Gr\u00f6tzingen!"},"content":{"rendered":"\n<hr class=\"wp-block-separator has-alpha-channel-opacity is-style-wide\"\/>\n\n\n\n<figure class=\"wp-block-image size-full\"><img loading=\"lazy\" decoding=\"async\" width=\"1200\" height=\"500\" src=\"https:\/\/spd-groetzingen.de\/wp-content\/uploads\/2020\/03\/Drohne_Regina-1.png\" alt=\"\" class=\"wp-image-74\" srcset=\"https:\/\/spd-groetzingen.de\/wp-content\/uploads\/2020\/03\/Drohne_Regina-1.png 1200w, https:\/\/spd-groetzingen.de\/wp-content\/uploads\/2020\/03\/Drohne_Regina-1-300x125.png 300w, https:\/\/spd-groetzingen.de\/wp-content\/uploads\/2020\/03\/Drohne_Regina-1-1024x427.png 1024w, https:\/\/spd-groetzingen.de\/wp-content\/uploads\/2020\/03\/Drohne_Regina-1-768x320.png 768w\" sizes=\"auto, (max-width: 709px) 85vw, (max-width: 909px) 67vw, (max-width: 1362px) 62vw, 840px\" \/><\/figure>\n\n\n\n<h3 class=\"wp-block-heading\" id=\"aktuelle-meldungen-social-media\">Aktuelle Meldungen &amp; Social Media<\/h3>\n\n\n<ul class=\"wp-block-latest-posts__list is-grid columns-2 has-dates alignleft wp-block-latest-posts\"><li><a class=\"wp-block-latest-posts__post-title\" href=\"https:\/\/spd-groetzingen.de\/?p=796\">Einladung zum offenen Dialog mit Meri Uhlig (19.11.25, ab 19:30)<\/a><time datetime=\"2025-10-26T15:48:08+01:00\" class=\"wp-block-latest-posts__post-date\">26. Oktober 2025<\/time><\/li>\n<li><a class=\"wp-block-latest-posts__post-title\" href=\"https:\/\/spd-groetzingen.de\/?p=788\">Spielzeugflohmarkt: Kinder f\u00fcr Kinder (12.7.25, ab 14:30)<\/a><time datetime=\"2025-06-16T13:44:19+02:00\" class=\"wp-block-latest-posts__post-date\">16. Juni 2025<\/time><\/li>\n<li><a class=\"wp-block-latest-posts__post-title\" href=\"https:\/\/spd-groetzingen.de\/?p=760\">Folgt uns auf Instagram f\u00fcr alle aktuellen News, Veranstaltungen und mehr.<\/a><time datetime=\"2024-10-06T17:50:17+02:00\" class=\"wp-block-latest-posts__post-date\">6. Oktober 2024<\/time><\/li>\n<li><a class=\"wp-block-latest-posts__post-title\" href=\"https:\/\/spd-groetzingen.de\/?p=688\">Zur Abwahl von Karen E\u00dfrich als Ortsvorsteherin<\/a><time datetime=\"2024-03-08T18:35:55+01:00\" class=\"wp-block-latest-posts__post-date\">8. M\u00e4rz 2024<\/time><\/li>\n<\/ul>\n\n\n\n\n<figure class=\"wp-block-image size-full\"><img loading=\"lazy\" decoding=\"async\" width=\"1684\" height=\"2384\" src=\"https:\/\/spd-groetzingen.de\/wp-content\/uploads\/2025\/10\/SPD_Plakate_Meri_Print-1.png\" alt=\"\" class=\"wp-image-802\" srcset=\"https:\/\/spd-groetzingen.de\/wp-content\/uploads\/2025\/10\/SPD_Plakate_Meri_Print-1.png 1684w, https:\/\/spd-groetzingen.de\/wp-content\/uploads\/2025\/10\/SPD_Plakate_Meri_Print-1-212x300.png 212w, https:\/\/spd-groetzingen.de\/wp-content\/uploads\/2025\/10\/SPD_Plakate_Meri_Print-1-723x1024.png 723w, https:\/\/spd-groetzingen.de\/wp-content\/uploads\/2025\/10\/SPD_Plakate_Meri_Print-1-768x1087.png 768w, https:\/\/spd-groetzingen.de\/wp-content\/uploads\/2025\/10\/SPD_Plakate_Meri_Print-1-1085x1536.png 1085w, https:\/\/spd-groetzingen.de\/wp-content\/uploads\/2025\/10\/SPD_Plakate_Meri_Print-1-1447x2048.png 1447w, https:\/\/spd-groetzingen.de\/wp-content\/uploads\/2025\/10\/SPD_Plakate_Meri_Print-1-1200x1699.png 1200w\" sizes=\"auto, (max-width: 709px) 85vw, (max-width: 909px) 67vw, (max-width: 1362px) 62vw, 840px\" \/><\/figure>\n","protected":false},"excerpt":{"rendered":"<p>Aktuelle Meldungen &amp; Social Media<\/p>\n","protected":false},"author":1,"featured_media":0,"parent":0,"menu_order":0,"comment_status":"closed","ping_status":"closed","template":"","meta":{"footnotes":""},"class_list":["post-20","page","type-page","status-publish","hentry"],"_links":{"self":[{"href":"https:\/\/spd-groetzingen.de\/index.php?rest_route=\/wp\/v2\/pages\/20","targetHints":{"allow":["GET"]}}],"collection":[{"href":"https:\/\/spd-groetzingen.de\/index.php?rest_route=\/wp\/v2\/pages"}],"about":[{"href":"https:\/\/spd-groetzingen.de\/index.php?rest_route=\/wp\/v2\/types\/page"}],"author":[{"embeddable":true,"href":"https:\/\/spd-groetzingen.de\/index.php?rest_route=\/wp\/v2\/users\/1"}],"replies":[{"embeddable":true,"href":"https:\/\/spd-groetzingen.de\/index.php?rest_route=%2Fwp%2Fv2%2Fcomments&post=20"}],"version-history":[{"count":34,"href":"https:\/\/spd-groetzingen.de\/index.php?rest_route=\/wp\/v2\/pages\/20\/revisions"}],"predecessor-version":[{"id":804,"href":"https:\/\/spd-groetzingen.de\/index.php?rest_route=\/wp\/v2\/pages\/20\/revisions\/804"}],"wp:attachment":[{"href":"https:\/\/spd-groetzingen.de\/index.php?rest_route=%2Fwp%2Fv2%2Fmedia&parent=20"}],"curies":[{"name":"wp","href":"https:\/\/api.w.org\/{rel}","templated":true}]}}