{"id":477,"date":"2023-01-10T11:23:10","date_gmt":"2023-01-10T10:23:10","guid":{"rendered":"https:\/\/spd-groetzingen.de\/?page_id=477"},"modified":"2024-02-02T13:35:27","modified_gmt":"2024-02-02T12:35:27","slug":"100-jahre-herbert-schweizer","status":"publish","type":"page","link":"https:\/\/spd-groetzingen.de\/?page_id=477","title":{"rendered":"Herbert Schweizer"},"content":{"rendered":"\n<h2 class=\"wp-block-heading\" style=\"font-style:normal;font-weight:200\">B\u00dcRGERMEISTER UND ORTSVORSTEHER IN GR\u00d6TZINGEN VON 1966 BIS 1988<\/h2>\n\n\n\n<figure class=\"wp-block-image size-full\"><img loading=\"lazy\" decoding=\"async\" width=\"836\" height=\"567\" src=\"https:\/\/spd-groetzingen.de\/wp-content\/uploads\/2023\/01\/Screenshot-2023-01-10-112123.png\" alt=\"\" class=\"wp-image-478\" srcset=\"https:\/\/spd-groetzingen.de\/wp-content\/uploads\/2023\/01\/Screenshot-2023-01-10-112123.png 836w, https:\/\/spd-groetzingen.de\/wp-content\/uploads\/2023\/01\/Screenshot-2023-01-10-112123-300x203.png 300w, https:\/\/spd-groetzingen.de\/wp-content\/uploads\/2023\/01\/Screenshot-2023-01-10-112123-768x521.png 768w\" sizes=\"auto, (max-width: 836px) 85vw, 836px\" \/><figcaption class=\"wp-element-caption\">Herbert Schweizer<\/figcaption><\/figure>\n\n\n\n<p>Anl\u00e4sslich seines 100. Geburtstags am 28. Januar 2023 erinnert der SPD Ortsverein Gr\u00f6tzingen mit dieser Festschrift an Herbert Schweizer, den letzten B\u00fcrgermeister (1966 bis 1974) und ersten Ortsvorsteher (1974 bis 1988) von Gr\u00f6tzingen.<\/p>\n\n\n\n<p>Nach seiner Wahl zum B\u00fcrgermeister am 30. Januar 1966 begann er mit der Verwandlung von Gr\u00f6tzingen vom Industriestandort zu einer wirtschaftlich starken Gemeinde mit hohem Wohnwert. Mehr als 20 Bebauungspl\u00e4ne und eine zeitgem\u00e4\u00dfe Infrastruktur mit Schulerweiterung einschlie\u00dflich Turn- und Sporthalle, Hallenbad, Feuerwehrerweiterungsbau sowie zwei Kinderg\u00e4rten sind in seiner Amtszeit entstanden.<\/p>\n\n\n\n<p class=\"has-medium-font-size\">Lesen Sie mehr \u00fcber das Wirken Herbert Schweizers in und f\u00fcr Gr\u00f6tzingen in unserer Festschrift, hier zum PDF-Download:<\/p>\n\n\n\n<div data-wp-interactive=\"core\/file\" class=\"wp-block-file\"><object data-wp-bind--hidden=\"!state.hasPdfPreview\" hidden class=\"wp-block-file__embed\" data=\"https:\/\/spd-groetzingen.de\/wp-content\/uploads\/2023\/01\/Festschrift_Schweizer_V7.pdf\" type=\"application\/pdf\" style=\"width:100%;height:600px\" aria-label=\"Einbettung von Festschrift_Schweizer.\"><\/object><a id=\"wp-block-file--media-93847bb2-e3e0-408e-a1ee-018b85ed6e68\" href=\"https:\/\/spd-groetzingen.de\/wp-content\/uploads\/2023\/01\/Festschrift_Schweizer_V7.pdf\">Festschrift_Schweizer<\/a><a href=\"https:\/\/spd-groetzingen.de\/wp-content\/uploads\/2023\/01\/Festschrift_Schweizer_V7.pdf\" class=\"wp-block-file__button wp-element-button\" download aria-describedby=\"wp-block-file--media-93847bb2-e3e0-408e-a1ee-018b85ed6e68\">Herunterladen<\/a><\/div>\n","protected":false},"excerpt":{"rendered":"<p>B\u00dcRGERMEISTER UND ORTSVORSTEHER IN GR\u00d6TZINGEN VON 1966 BIS 1988 Anl\u00e4sslich seines 100. Geburtstags am 28. Januar 2023 erinnert der SPD Ortsverein Gr\u00f6tzingen mit dieser Festschrift an Herbert Schweizer, den letzten &hellip; <a href=\"https:\/\/spd-groetzingen.de\/?page_id=477\" class=\"more-link\"><span class=\"screen-reader-text\">\u201eHerbert Schweizer\u201c <\/span>weiterlesen<\/a><\/p>\n","protected":false},"author":1,"featured_media":0,"parent":0,"menu_order":0,"comment_status":"closed","ping_status":"closed","template":"","meta":{"footnotes":""},"class_list":["post-477","page","type-page","status-publish","hentry"],"_links":{"self":[{"href":"https:\/\/spd-groetzingen.de\/index.php?rest_route=\/wp\/v2\/pages\/477","targetHints":{"allow":["GET"]}}],"collection":[{"href":"https:\/\/spd-groetzingen.de\/index.php?rest_route=\/wp\/v2\/pages"}],"about":[{"href":"https:\/\/spd-groetzingen.de\/index.php?rest_route=\/wp\/v2\/types\/page"}],"author":[{"embeddable":true,"href":"https:\/\/spd-groetzingen.de\/index.php?rest_route=\/wp\/v2\/users\/1"}],"replies":[{"embeddable":true,"href":"https:\/\/spd-groetzingen.de\/index.php?rest_route=%2Fwp%2Fv2%2Fcomments&post=477"}],"version-history":[{"count":3,"href":"https:\/\/spd-groetzingen.de\/index.php?rest_route=\/wp\/v2\/pages\/477\/revisions"}],"predecessor-version":[{"id":658,"href":"https:\/\/spd-groetzingen.de\/index.php?rest_route=\/wp\/v2\/pages\/477\/revisions\/658"}],"wp:attachment":[{"href":"https:\/\/spd-groetzingen.de\/index.php?rest_route=%2Fwp%2Fv2%2Fmedia&parent=477"}],"curies":[{"name":"wp","href":"https:\/\/api.w.org\/{rel}","templated":true}]}}