{"id":94,"date":"2020-03-18T15:41:26","date_gmt":"2020-03-18T14:41:26","guid":{"rendered":"http:\/\/spd-groetzingen.de\/?page_id=94"},"modified":"2020-03-18T19:50:22","modified_gmt":"2020-03-18T18:50:22","slug":"ueber-uns","status":"publish","type":"page","link":"https:\/\/spd-groetzingen.de\/?page_id=94","title":{"rendered":"\u00dcber uns"},"content":{"rendered":"\n<p>Auf den folgenden Seiten erfahren Sie mehr \u00fcber uns als Ortsverein, \u00fcber die <a href=\"https:\/\/spd-groetzingen.de\/?page_id=116\" target=\"_blank\" rel=\"noreferrer noopener\" aria-label=\"verantwortlichen Personen (\u00f6ffnet in neuem Tab)\">verantwortlichen Personen<\/a> sowie unsere <a href=\"https:\/\/spd-groetzingen.de\/?page_id=117\">Fraktion im Ortschaftsrat<\/a> Gr\u00f6tzingen.<\/p>\n\n\n\n<p>Wir, die SPD Gr\u00f6tzingen, geh\u00f6ren zum SPD Kreisverband Karlsruhe-Stadt im Regionalzentrum Karlsruhe-Nordschwarzwald im Landesverband Baden-W\u00fcrttemberg unserer SPD.<\/p>\n\n\n\n<p>Das badische Malerdorf Gr\u00f6tzingen, unsere Heimat, aber auch die Werte unserer Partei, dazu geh\u00f6ren vor allem soziale Gerechtigkeit, Perspektiven f\u00fcr die Jugend durch fr\u00fchkindliche F\u00f6rderung sowie Bildung und unsere europ\u00e4ische Identit\u00e4t, liegen uns am Herzen. Um das miteinander zu vereinen, k\u00e4mpfen wir hier vor Ort f\u00fcr gute Bildung, Chancengleichheit, bezahlbaren Wohnraum, w\u00fcrdiges Altern sowie Umwelt- und Artenschutz. Eine ausf\u00fchrliche Ausf\u00fchrung zu einzelnen Themen finden Sie <a href=\"https:\/\/spd-groetzingen.de\/?page_id=62\">hier<\/a>.<\/p>\n\n\n\n<p>Gerne w\u00fcrden wir Sie auf einer unserer n\u00e4chsten <a href=\"https:\/\/spd-groetzingen.de\/?post_type=tribe_events\">Termine<\/a> begr\u00fc\u00dfen. Auch \u00fcber <a href=\"https:\/\/spd-groetzingen.de\/?page_id=118\">neue Mitglieder<\/a> freuen wir uns jederzeit!<\/p>\n","protected":false},"excerpt":{"rendered":"<p>Auf den folgenden Seiten erfahren Sie mehr \u00fcber uns als Ortsverein, \u00fcber die verantwortlichen Personen sowie unsere Fraktion im Ortschaftsrat Gr\u00f6tzingen. Wir, die SPD Gr\u00f6tzingen, geh\u00f6ren zum SPD Kreisverband Karlsruhe-Stadt &hellip; <a href=\"https:\/\/spd-groetzingen.de\/?page_id=94\" class=\"more-link\"><span class=\"screen-reader-text\">\u201e\u00dcber uns\u201c <\/span>weiterlesen<\/a><\/p>\n","protected":false},"author":1,"featured_media":0,"parent":0,"menu_order":0,"comment_status":"closed","ping_status":"closed","template":"","meta":{"footnotes":""},"class_list":["post-94","page","type-page","status-publish","hentry"],"_links":{"self":[{"href":"https:\/\/spd-groetzingen.de\/index.php?rest_route=\/wp\/v2\/pages\/94","targetHints":{"allow":["GET"]}}],"collection":[{"href":"https:\/\/spd-groetzingen.de\/index.php?rest_route=\/wp\/v2\/pages"}],"about":[{"href":"https:\/\/spd-groetzingen.de\/index.php?rest_route=\/wp\/v2\/types\/page"}],"author":[{"embeddable":true,"href":"https:\/\/spd-groetzingen.de\/index.php?rest_route=\/wp\/v2\/users\/1"}],"replies":[{"embeddable":true,"href":"https:\/\/spd-groetzingen.de\/index.php?rest_route=%2Fwp%2Fv2%2Fcomments&post=94"}],"version-history":[{"count":2,"href":"https:\/\/spd-groetzingen.de\/index.php?rest_route=\/wp\/v2\/pages\/94\/revisions"}],"predecessor-version":[{"id":210,"href":"https:\/\/spd-groetzingen.de\/index.php?rest_route=\/wp\/v2\/pages\/94\/revisions\/210"}],"wp:attachment":[{"href":"https:\/\/spd-groetzingen.de\/index.php?rest_route=%2Fwp%2Fv2%2Fmedia&parent=94"}],"curies":[{"name":"wp","href":"https:\/\/api.w.org\/{rel}","templated":true}]}}